{"id":3873,"date":"2023-10-05T20:38:03","date_gmt":"2023-10-05T18:38:03","guid":{"rendered":"https:\/\/nefertitidress.fr\/?post_type=product&#038;p=3873"},"modified":"2026-02-11T12:51:35","modified_gmt":"2026-02-11T10:51:35","slug":"boucles-doreilles-fi-amal-espoir","status":"publish","type":"product","link":"https:\/\/maison-nefertiti.fr\/en\/shop\/boucles-doreilles-fi-amal-espoir\/","title":{"rendered":"Boucles d&#8217;oreilles &#8220;Fi Amal&#8221; &#8211; Espoir"},"content":{"rendered":"<p>Laissez vous s\u00e9duire par ces boucles d&#8217;oreilles Espoir, bijoux fabriqu\u00e9 \u00e0 la main en Egypte.<\/p>\n<p>\ud80c\udc80 Finishes: 18-carat gold-plated brass.<\/p>\n<p>\ud80c\udc80 Fabrication 100% artisanale.<\/p>","protected":false},"excerpt":{"rendered":"<p>Laissez vous s\u00e9duire par ces boucles d&#8217;oreilles Espoir, bijoux fabriqu\u00e9 \u00e0 la main en Egypte. \ud80c\udc80 Finitions :&hellip;<\/p>","protected":false},"featured_media":6269,"comment_status":"open","ping_status":"closed","template":"","meta":[],"product_cat":[224,225],"product_tag":[],"class_list":{"0":"post-3873","1":"product","2":"type-product","3":"status-publish","4":"has-post-thumbnail","6":"product_cat-calligraphie-arabesque","7":"product_cat-tout-les-produits","9":"first","10":"instock","11":"taxable","12":"shipping-taxable","13":"purchasable","14":"product-type-simple"},"jetpack_sharing_enabled":true,"_links":{"self":[{"href":"https:\/\/maison-nefertiti.fr\/en\/wp-json\/wp\/v2\/product\/3873","targetHints":{"allow":["GET"]}}],"collection":[{"href":"https:\/\/maison-nefertiti.fr\/en\/wp-json\/wp\/v2\/product"}],"about":[{"href":"https:\/\/maison-nefertiti.fr\/en\/wp-json\/wp\/v2\/types\/product"}],"replies":[{"embeddable":true,"href":"https:\/\/maison-nefertiti.fr\/en\/wp-json\/wp\/v2\/comments?post=3873"}],"version-history":[{"count":4,"href":"https:\/\/maison-nefertiti.fr\/en\/wp-json\/wp\/v2\/product\/3873\/revisions"}],"predecessor-version":[{"id":6502,"href":"https:\/\/maison-nefertiti.fr\/en\/wp-json\/wp\/v2\/product\/3873\/revisions\/6502"}],"wp:featuredmedia":[{"embeddable":true,"href":"https:\/\/maison-nefertiti.fr\/en\/wp-json\/wp\/v2\/media\/6269"}],"wp:attachment":[{"href":"https:\/\/maison-nefertiti.fr\/en\/wp-json\/wp\/v2\/media?parent=3873"}],"wp:term":[{"taxonomy":"product_cat","embeddable":true,"href":"https:\/\/maison-nefertiti.fr\/en\/wp-json\/wp\/v2\/product_cat?post=3873"},{"taxonomy":"product_tag","embeddable":true,"href":"https:\/\/maison-nefertiti.fr\/en\/wp-json\/wp\/v2\/product_tag?post=3873"}],"curies":[{"name":"wp","href":"https:\/\/api.w.org\/{rel}","templated":true}]}}